{"id":115,"date":"2021-12-14T13:51:49","date_gmt":"2021-12-14T16:51:49","guid":{"rendered":"https:\/\/agilcompensados.com.br\/site\/?page_id=115"},"modified":"2022-03-10T11:48:44","modified_gmt":"2022-03-10T14:48:44","slug":"quem-somos-2","status":"publish","type":"page","link":"https:\/\/agilcompensados.com.br\/site\/quem-somos-2\/","title":{"rendered":"Quem Somos"},"content":{"rendered":"\t\t<div data-elementor-type=\"wp-page\" data-elementor-id=\"115\" class=\"elementor elementor-115\" data-elementor-settings=\"[]\">\n\t\t\t\t\t\t\t<div class=\"elementor-section-wrap\">\n\t\t\t\t\t\t\t<section class=\"elementor-section elementor-top-section elementor-element elementor-element-7df004b elementor-section-boxed elementor-section-height-default elementor-section-height-default\" data-id=\"7df004b\" data-element_type=\"section\">\n\t\t\t\t\t\t<div class=\"elementor-container elementor-column-gap-default\">\n\t\t\t\t\t<div class=\"elementor-column elementor-col-100 elementor-top-column elementor-element elementor-element-0225e22\" data-id=\"0225e22\" data-element_type=\"column\">\n\t\t\t<div class=\"elementor-widget-wrap elementor-element-populated\">\n\t\t\t\t\t\t\t\t<div class=\"elementor-element elementor-element-de80f7e elementor-widget elementor-widget-text-editor\" data-id=\"de80f7e\" data-element_type=\"widget\" data-widget_type=\"text-editor.default\">\n\t\t\t\t<div class=\"elementor-widget-container\">\n\t\t\t<style>\/*! elementor - v3.5.4 - 23-01-2022 *\/\n.elementor-widget-text-editor.elementor-drop-cap-view-stacked .elementor-drop-cap{background-color:#818a91;color:#fff}.elementor-widget-text-editor.elementor-drop-cap-view-framed .elementor-drop-cap{color:#818a91;border:3px solid;background-color:transparent}.elementor-widget-text-editor:not(.elementor-drop-cap-view-default) .elementor-drop-cap{margin-top:8px}.elementor-widget-text-editor:not(.elementor-drop-cap-view-default) .elementor-drop-cap-letter{width:1em;height:1em}.elementor-widget-text-editor .elementor-drop-cap{float:left;text-align:center;line-height:1;font-size:50px}.elementor-widget-text-editor .elementor-drop-cap-letter{display:inline-block}<\/style>\t\t\t\t<p>Fundada em 2013, em Santa Cec\u00edlia (SC), a \u00c1gil Madeiras come\u00e7ou como uma laminadora, produzindo l\u00e2minas de pinus. <br \/>Nesse in\u00edcio, era produzido para vender \u00e0 empresas que realizavam a exporta\u00e7\u00e3o.<\/p><p>Hoje, com investimentos em maquin\u00e1rio, produzimos as l\u00e2minas e os compensados, realizando a exporta\u00e7\u00e3o direta. <br \/>Buscamos sempre o crescimento.\u00a0Atuamos no ramo de produ\u00e7\u00e3o de compensado naval e l\u00e2minas de madeira de pinus, com vendas no mercado interno e externo, em diversos pa\u00edses da Am\u00e9rica e Europa. Temos Certifica\u00e7\u00e3o CARB (California Code of Regulations), exigida para exporta\u00e7\u00e3o. Os produtos podem ter diversas aplica\u00e7\u00f5es como fabrica\u00e7\u00e3o de embalagens, divis\u00f3rias, constru\u00e7\u00e3o civil, m\u00f3veis e estofados. Em nossa gama de produtos, temos plastificados, pintados e oleados, de classes A at\u00e9 D. Nossa equipe tem como base a fam\u00edlia, e nosso compromisso \u00e9 sempre garantir a melhor qualidade.<br \/><span style=\"color: #000000; font-family: Calibri; font-size: 11pt;\">\u00a0<\/span><\/p><p style=\"margin: 0cm 0cm 0.0001pt; line-height: normal; font-size: 11pt; font-family: Calibri; color: #000000;\">\u00a0<\/p>\t\t\t\t\t\t<\/div>\n\t\t\t\t<\/div>\n\t\t\t\t\t<\/div>\n\t\t<\/div>\n\t\t\t\t\t\t\t<\/div>\n\t\t<\/section>\n\t\t\t\t<section class=\"elementor-section elementor-top-section elementor-element elementor-element-3af5f44 elementor-section-boxed elementor-section-height-default elementor-section-height-default\" data-id=\"3af5f44\" data-element_type=\"section\">\n\t\t\t\t\t\t<div class=\"elementor-container elementor-column-gap-default\">\n\t\t\t\t\t<div class=\"elementor-column elementor-col-100 elementor-top-column elementor-element elementor-element-7b8d574\" data-id=\"7b8d574\" data-element_type=\"column\">\n\t\t\t<div class=\"elementor-widget-wrap elementor-element-populated\">\n\t\t\t\t\t\t\t\t<div class=\"elementor-element elementor-element-d153610 elementor-arrows-position-inside elementor-pagination-position-outside elementor-widget elementor-widget-image-carousel\" data-id=\"d153610\" data-element_type=\"widget\" data-settings=\"{&quot;slides_to_show&quot;:&quot;4&quot;,&quot;navigation&quot;:&quot;both&quot;,&quot;autoplay&quot;:&quot;yes&quot;,&quot;pause_on_hover&quot;:&quot;yes&quot;,&quot;pause_on_interaction&quot;:&quot;yes&quot;,&quot;autoplay_speed&quot;:5000,&quot;infinite&quot;:&quot;yes&quot;,&quot;speed&quot;:500}\" data-widget_type=\"image-carousel.default\">\n\t\t\t\t<div class=\"elementor-widget-container\">\n\t\t\t<style>\/*! elementor - v3.5.4 - 23-01-2022 *\/\n.elementor-widget-image-carousel .swiper-container{position:static}.elementor-widget-image-carousel .swiper-container .swiper-slide figure{line-height:inherit}.elementor-widget-image-carousel .swiper-slide{text-align:center}.elementor-image-carousel-wrapper:not(.swiper-container-initialized) .swiper-slide{max-width:calc(100% \/ var(--e-image-carousel-slides-to-show, 3))}<\/style>\t\t<div class=\"elementor-image-carousel-wrapper swiper-container\" dir=\"ltr\">\n\t\t\t<div class=\"elementor-image-carousel swiper-wrapper\">\n\t\t\t\t\t\t\t\t<div class=\"swiper-slide\"><figure class=\"swiper-slide-inner\"><img class=\"swiper-slide-image\" src=\"https:\/\/agilcompensados.com.br\/site\/wp-content\/uploads\/elementor\/thumbs\/historia4-phgpzupx1s1kqkwviwtjdf9gtc9x3hbluq8oncuwuo.jpeg\" alt=\"Funda\u00e7\u00e3o 2013\" \/><\/figure><\/div><div class=\"swiper-slide\"><figure class=\"swiper-slide-inner\"><img class=\"swiper-slide-image\" src=\"https:\/\/agilcompensados.com.br\/site\/wp-content\/uploads\/elementor\/thumbs\/historia2-phgpzrweh9xprr0yzdlnnxz316ntge0euca87iz3dc.jpeg\" alt=\"Primeiras m\u00e1quinas\" \/><\/figure><\/div><div class=\"swiper-slide\"><figure class=\"swiper-slide-inner\"><img class=\"swiper-slide-image\" src=\"https:\/\/agilcompensados.com.br\/site\/wp-content\/uploads\/elementor\/thumbs\/08-plny8urmjvoqhm561yqcz9tio7pvr7y9q0ngkw2y8g.png\" alt=\"Matriz\" \/><\/figure><\/div><div class=\"swiper-slide\"><figure class=\"swiper-slide-inner\"><img class=\"swiper-slide-image\" src=\"https:\/\/agilcompensados.com.br\/site\/wp-content\/uploads\/elementor\/thumbs\/cropped-caldeira-phiohjfs7ly1bas57u9j11poesca5rrg340jwm7e8g.png\" alt=\"Segunda Caldeira\" \/><\/figure><\/div>\t\t\t<\/div>\n\t\t\t\t\t\t\t\t\t\t\t\t<div class=\"swiper-pagination\"><\/div>\n\t\t\t\t\t\t\t\t\t\t\t\t\t<div class=\"elementor-swiper-button elementor-swiper-button-prev\">\n\t\t\t\t\t\t<i aria-hidden=\"true\" class=\"eicon-chevron-left\"><\/i>\t\t\t\t\t\t<span class=\"elementor-screen-only\">Anterior<\/span>\n\t\t\t\t\t<\/div>\n\t\t\t\t\t<div class=\"elementor-swiper-button elementor-swiper-button-next\">\n\t\t\t\t\t\t<i aria-hidden=\"true\" class=\"eicon-chevron-right\"><\/i>\t\t\t\t\t\t<span class=\"elementor-screen-only\">Pr\u00f3ximo<\/span>\n\t\t\t\t\t<\/div>\n\t\t\t\t\t\t\t\t\t<\/div>\n\t\t\t\t<\/div>\n\t\t\t\t<\/div>\n\t\t\t\t\t<\/div>\n\t\t<\/div>\n\t\t\t\t\t\t\t<\/div>\n\t\t<\/section>\n\t\t\t\t<section class=\"elementor-section elementor-top-section elementor-element elementor-element-b186b7b elementor-section-boxed elementor-section-height-default elementor-section-height-default\" data-id=\"b186b7b\" data-element_type=\"section\">\n\t\t\t\t\t\t<div class=\"elementor-container elementor-column-gap-default\">\n\t\t\t\t\t<div class=\"elementor-column elementor-col-100 elementor-top-column elementor-element elementor-element-b2b6f15\" data-id=\"b2b6f15\" data-element_type=\"column\">\n\t\t\t<div class=\"elementor-widget-wrap elementor-element-populated\">\n\t\t\t\t\t\t\t\t<div class=\"elementor-element elementor-element-39495a7 elementor-aspect-ratio-169 elementor-widget elementor-widget-video\" data-id=\"39495a7\" data-element_type=\"widget\" data-settings=\"{&quot;video_type&quot;:&quot;hosted&quot;,&quot;controls&quot;:&quot;yes&quot;,&quot;aspect_ratio&quot;:&quot;169&quot;}\" data-widget_type=\"video.default\">\n\t\t\t\t<div class=\"elementor-widget-container\">\n\t\t\t<style>\/*! elementor - v3.5.4 - 23-01-2022 *\/\n.elementor-widget-video .elementor-widget-container{overflow:hidden;-webkit-transform:translateZ(0);transform:translateZ(0)}.elementor-widget-video .elementor-open-inline .elementor-custom-embed-image-overlay{position:absolute;top:0;left:0;width:100%;height:100%;-webkit-background-size:cover;background-size:cover;background-position:50%}.elementor-widget-video .elementor-custom-embed-image-overlay{cursor:pointer;text-align:center}.elementor-widget-video .elementor-custom-embed-image-overlay:hover .elementor-custom-embed-play i{opacity:1}.elementor-widget-video .elementor-custom-embed-image-overlay img{display:block;width:100%}.elementor-widget-video .e-hosted-video .elementor-video{-o-object-fit:cover;object-fit:cover}<\/style>\t\t<div class=\"e-hosted-video elementor-wrapper elementor-fit-aspect-ratio elementor-open-inline\">\n\t\t\t\t\t<video class=\"elementor-video\" src=\"https:\/\/agilcompensados.com.br\/site\/wp-content\/uploads\/2021\/12\/Agil_Madeiras_Referencia_Caldeira_ana\u0301lise_v2_.mp4\" controls=\"\" controlsList=\"nodownload\"><\/video>\n\t\t\t\t<\/div>\n\t\t\t\t<\/div>\n\t\t\t\t<\/div>\n\t\t\t\t\t<\/div>\n\t\t<\/div>\n\t\t\t\t\t\t\t<\/div>\n\t\t<\/section>\n\t\t\t\t\t\t<\/div>\n\t\t\t\t\t<\/div>\n\t\t","protected":false},"excerpt":{"rendered":"<p>Fundada em 2013, em Santa Cec\u00edlia (SC), a \u00c1gil Madeiras come\u00e7ou como uma laminadora, produzindo l\u00e2minas de pinus. Nesse in\u00edcio, era produzido para vender \u00e0 empresas que realizavam a exporta\u00e7\u00e3o. Hoje, com investimentos em maquin\u00e1rio, produzimos as l\u00e2minas e os compensados, realizando a exporta\u00e7\u00e3o direta. Buscamos sempre o crescimento.\u00a0Atuamos no ramo de produ\u00e7\u00e3o de compensado [&hellip;]<\/p>\n","protected":false},"author":2,"featured_media":0,"parent":0,"menu_order":0,"comment_status":"closed","ping_status":"closed","template":"","meta":{"om_disable_all_campaigns":false,"_monsterinsights_skip_tracking":false,"_monsterinsights_sitenote_active":false,"_monsterinsights_sitenote_note":"","_monsterinsights_sitenote_category":0},"yoast_head":"<!-- This site is optimized with the Yoast SEO plugin v18.0 - https:\/\/yoast.com\/wordpress\/plugins\/seo\/ -->\n<title>Quem Somos - Agil Compensados<\/title>\n<meta name=\"robots\" content=\"index, follow, max-snippet:-1, max-image-preview:large, max-video-preview:-1\" \/>\n<link rel=\"canonical\" href=\"https:\/\/agilcompensados.com.br\/site\/quem-somos-2\/\" \/>\n<meta property=\"og:locale\" content=\"pt_BR\" \/>\n<meta property=\"og:type\" content=\"article\" \/>\n<meta property=\"og:title\" content=\"Quem Somos - Agil Compensados\" \/>\n<meta property=\"og:description\" content=\"Fundada em 2013, em Santa Cec\u00edlia (SC), a \u00c1gil Madeiras come\u00e7ou como uma laminadora, produzindo l\u00e2minas de pinus. Nesse in\u00edcio, era produzido para vender \u00e0 empresas que realizavam a exporta\u00e7\u00e3o. Hoje, com investimentos em maquin\u00e1rio, produzimos as l\u00e2minas e os compensados, realizando a exporta\u00e7\u00e3o direta. Buscamos sempre o crescimento.\u00a0Atuamos no ramo de produ\u00e7\u00e3o de compensado [&hellip;]\" \/>\n<meta property=\"og:url\" content=\"https:\/\/agilcompensados.com.br\/site\/quem-somos-2\/\" \/>\n<meta property=\"og:site_name\" content=\"Agil Compensados\" \/>\n<meta property=\"article:modified_time\" content=\"2022-03-10T14:48:44+00:00\" \/>\n<meta property=\"og:image\" content=\"https:\/\/agilcompensados.com.br\/site\/wp-content\/uploads\/elementor\/thumbs\/historia4-phgpzupx1s1kqkwviwtjdf9gtc9x3hbluq8oncuwuo.jpeg\" \/>\n<meta name=\"twitter:card\" content=\"summary_large_image\" \/>\n<meta name=\"twitter:label1\" content=\"Est. tempo de leitura\" \/>\n\t<meta name=\"twitter:data1\" content=\"4 minutos\" \/>\n<script type=\"application\/ld+json\" class=\"yoast-schema-graph\">{\"@context\":\"https:\/\/schema.org\",\"@graph\":[{\"@type\":\"WebSite\",\"@id\":\"https:\/\/agilcompensados.com.br\/site\/#website\",\"url\":\"https:\/\/agilcompensados.com.br\/site\/\",\"name\":\"Agil Compensados\",\"description\":\"S\u00f3 mais um site WordPress\",\"potentialAction\":[{\"@type\":\"SearchAction\",\"target\":{\"@type\":\"EntryPoint\",\"urlTemplate\":\"https:\/\/agilcompensados.com.br\/site\/?s={search_term_string}\"},\"query-input\":\"required name=search_term_string\"}],\"inLanguage\":\"pt-BR\"},{\"@type\":\"ImageObject\",\"@id\":\"https:\/\/agilcompensados.com.br\/site\/quem-somos-2\/#primaryimage\",\"inLanguage\":\"pt-BR\",\"url\":\"https:\/\/agilcompensados.com.br\/site\/wp-content\/uploads\/elementor\/thumbs\/historia4-phgpzupx1s1kqkwviwtjdf9gtc9x3hbluq8oncuwuo.jpeg\",\"contentUrl\":\"https:\/\/agilcompensados.com.br\/site\/wp-content\/uploads\/elementor\/thumbs\/historia4-phgpzupx1s1kqkwviwtjdf9gtc9x3hbluq8oncuwuo.jpeg\"},{\"@type\":\"WebPage\",\"@id\":\"https:\/\/agilcompensados.com.br\/site\/quem-somos-2\/#webpage\",\"url\":\"https:\/\/agilcompensados.com.br\/site\/quem-somos-2\/\",\"name\":\"Quem Somos - Agil Compensados\",\"isPartOf\":{\"@id\":\"https:\/\/agilcompensados.com.br\/site\/#website\"},\"primaryImageOfPage\":{\"@id\":\"https:\/\/agilcompensados.com.br\/site\/quem-somos-2\/#primaryimage\"},\"datePublished\":\"2021-12-14T16:51:49+00:00\",\"dateModified\":\"2022-03-10T14:48:44+00:00\",\"breadcrumb\":{\"@id\":\"https:\/\/agilcompensados.com.br\/site\/quem-somos-2\/#breadcrumb\"},\"inLanguage\":\"pt-BR\",\"potentialAction\":[{\"@type\":\"ReadAction\",\"target\":[\"https:\/\/agilcompensados.com.br\/site\/quem-somos-2\/\"]}]},{\"@type\":\"BreadcrumbList\",\"@id\":\"https:\/\/agilcompensados.com.br\/site\/quem-somos-2\/#breadcrumb\",\"itemListElement\":[{\"@type\":\"ListItem\",\"position\":1,\"name\":\"Home\",\"item\":\"https:\/\/agilcompensados.com.br\/site\/\"},{\"@type\":\"ListItem\",\"position\":2,\"name\":\"Quem Somos\"}]}]}<\/script>\n<!-- \/ Yoast SEO plugin. -->","yoast_head_json":{"title":"Quem Somos - Agil Compensados","robots":{"index":"index","follow":"follow","max-snippet":"max-snippet:-1","max-image-preview":"max-image-preview:large","max-video-preview":"max-video-preview:-1"},"canonical":"https:\/\/agilcompensados.com.br\/site\/quem-somos-2\/","og_locale":"pt_BR","og_type":"article","og_title":"Quem Somos - Agil Compensados","og_description":"Fundada em 2013, em Santa Cec\u00edlia (SC), a \u00c1gil Madeiras come\u00e7ou como uma laminadora, produzindo l\u00e2minas de pinus. Nesse in\u00edcio, era produzido para vender \u00e0 empresas que realizavam a exporta\u00e7\u00e3o. Hoje, com investimentos em maquin\u00e1rio, produzimos as l\u00e2minas e os compensados, realizando a exporta\u00e7\u00e3o direta. Buscamos sempre o crescimento.\u00a0Atuamos no ramo de produ\u00e7\u00e3o de compensado [&hellip;]","og_url":"https:\/\/agilcompensados.com.br\/site\/quem-somos-2\/","og_site_name":"Agil Compensados","article_modified_time":"2022-03-10T14:48:44+00:00","og_image":[{"url":"https:\/\/agilcompensados.com.br\/site\/wp-content\/uploads\/elementor\/thumbs\/historia4-phgpzupx1s1kqkwviwtjdf9gtc9x3hbluq8oncuwuo.jpeg"}],"twitter_card":"summary_large_image","twitter_misc":{"Est. tempo de leitura":"4 minutos"},"schema":{"@context":"https:\/\/schema.org","@graph":[{"@type":"WebSite","@id":"https:\/\/agilcompensados.com.br\/site\/#website","url":"https:\/\/agilcompensados.com.br\/site\/","name":"Agil Compensados","description":"S\u00f3 mais um site WordPress","potentialAction":[{"@type":"SearchAction","target":{"@type":"EntryPoint","urlTemplate":"https:\/\/agilcompensados.com.br\/site\/?s={search_term_string}"},"query-input":"required name=search_term_string"}],"inLanguage":"pt-BR"},{"@type":"ImageObject","@id":"https:\/\/agilcompensados.com.br\/site\/quem-somos-2\/#primaryimage","inLanguage":"pt-BR","url":"https:\/\/agilcompensados.com.br\/site\/wp-content\/uploads\/elementor\/thumbs\/historia4-phgpzupx1s1kqkwviwtjdf9gtc9x3hbluq8oncuwuo.jpeg","contentUrl":"https:\/\/agilcompensados.com.br\/site\/wp-content\/uploads\/elementor\/thumbs\/historia4-phgpzupx1s1kqkwviwtjdf9gtc9x3hbluq8oncuwuo.jpeg"},{"@type":"WebPage","@id":"https:\/\/agilcompensados.com.br\/site\/quem-somos-2\/#webpage","url":"https:\/\/agilcompensados.com.br\/site\/quem-somos-2\/","name":"Quem Somos - Agil Compensados","isPartOf":{"@id":"https:\/\/agilcompensados.com.br\/site\/#website"},"primaryImageOfPage":{"@id":"https:\/\/agilcompensados.com.br\/site\/quem-somos-2\/#primaryimage"},"datePublished":"2021-12-14T16:51:49+00:00","dateModified":"2022-03-10T14:48:44+00:00","breadcrumb":{"@id":"https:\/\/agilcompensados.com.br\/site\/quem-somos-2\/#breadcrumb"},"inLanguage":"pt-BR","potentialAction":[{"@type":"ReadAction","target":["https:\/\/agilcompensados.com.br\/site\/quem-somos-2\/"]}]},{"@type":"BreadcrumbList","@id":"https:\/\/agilcompensados.com.br\/site\/quem-somos-2\/#breadcrumb","itemListElement":[{"@type":"ListItem","position":1,"name":"Home","item":"https:\/\/agilcompensados.com.br\/site\/"},{"@type":"ListItem","position":2,"name":"Quem Somos"}]}]}},"_links":{"self":[{"href":"https:\/\/agilcompensados.com.br\/site\/wp-json\/wp\/v2\/pages\/115"}],"collection":[{"href":"https:\/\/agilcompensados.com.br\/site\/wp-json\/wp\/v2\/pages"}],"about":[{"href":"https:\/\/agilcompensados.com.br\/site\/wp-json\/wp\/v2\/types\/page"}],"author":[{"embeddable":true,"href":"https:\/\/agilcompensados.com.br\/site\/wp-json\/wp\/v2\/users\/2"}],"replies":[{"embeddable":true,"href":"https:\/\/agilcompensados.com.br\/site\/wp-json\/wp\/v2\/comments?post=115"}],"version-history":[{"count":16,"href":"https:\/\/agilcompensados.com.br\/site\/wp-json\/wp\/v2\/pages\/115\/revisions"}],"predecessor-version":[{"id":509,"href":"https:\/\/agilcompensados.com.br\/site\/wp-json\/wp\/v2\/pages\/115\/revisions\/509"}],"wp:attachment":[{"href":"https:\/\/agilcompensados.com.br\/site\/wp-json\/wp\/v2\/media?parent=115"}],"curies":[{"name":"wp","href":"https:\/\/api.w.org\/{rel}","templated":true}]}}