{"id":131,"date":"2021-12-14T15:09:51","date_gmt":"2021-12-14T18:09:51","guid":{"rendered":"https:\/\/agilcompensados.com.br\/site\/?page_id=131"},"modified":"2022-02-21T10:18:59","modified_gmt":"2022-02-21T13:18:59","slug":"certificacao-2","status":"publish","type":"page","link":"https:\/\/agilcompensados.com.br\/site\/certificacao-2\/","title":{"rendered":"Certifica\u00e7\u00e3o"},"content":{"rendered":"<div data-colibri-id=\"131-c1\" class=\"style-360 style-local-131-c1 position-relative\">\n  <!---->\n  <div data-colibri-component=\"section\" data-colibri-id=\"131-c2\" id=\"about\" class=\"h-section h-section-global-spacing d-flex align-items-lg-center align-items-md-center align-items-center style-364 style-local-131-c2 position-relative\">\n    <!---->\n    <!---->\n    <div class=\"h-section-grid-container h-section-boxed-container\">\n      <!---->\n      <div data-colibri-id=\"131-c3\" class=\"h-row-container gutters-row-lg-0 gutters-row-md-0 gutters-row-0 gutters-row-v-lg-0 gutters-row-v-md-0 gutters-row-v-0 style-365 style-local-131-c3 position-relative\">\n        <!---->\n        <div class=\"h-row justify-content-lg-center justify-content-md-center justify-content-center align-items-lg-stretch align-items-md-stretch align-items-stretch gutters-col-lg-0 gutters-col-md-0 gutters-col-0 gutters-col-v-lg-0 gutters-col-v-md-0 gutters-col-v-0\">\n          <!---->\n          <div class=\"h-column h-column-container d-flex h-col-lg-auto h-col-md-auto h-col-auto style-366-outer style-local-131-c4-outer\">\n            <div data-colibri-id=\"131-c4\" class=\"d-flex h-flex-basis h-column__inner h-px-lg-0 h-px-md-0 h-px-0 v-inner-lg-0 v-inner-md-0 v-inner-0 style-366 style-local-131-c4 position-relative\">\n              <!---->\n              <!---->\n              <div class=\"w-100 h-y-container h-column__content h-column__v-align flex-basis-100 align-self-lg-start align-self-md-start align-self-start\">\n                <!---->\n                <div data-colibri-id=\"131-c5\" class=\"h-global-transition-all h-heading style-367 style-local-131-c5 position-relative h-element\">\n                  <!---->\n                  <div class=\"h-heading__outer style-367 style-local-131-c5\">\n                    <!---->\n                    <!---->\n                    <h3 class=\"\"><span data-animation-duration=\"1\" data-type-animation=\"rotate-1\" data-colibri-component=\"fancy-title\"><span class=\"ah-headline rotate-1\"><span style=\"position: relative\" class=\"ah-words-wrapper\"><b class=\"is-visible\">CERTIFICA\u00c7\u00c3O<\/b><b>Internacional<\/b><\/span><\/span>\n                      <\/span>\n                    <\/h3>\n                  <\/div>\n                <\/div>\n                <div data-colibri-id=\"131-c6\" class=\"h-global-transition-all h-heading style-368 style-local-131-c6 position-relative h-element\">\n                  <!---->\n                  <div class=\"h-heading__outer style-368 style-local-131-c6\">\n                    <!---->\n                    <!---->\n                    <h4 class=\"\">Possu\u00edmos <em style=\"font-family: &quot;Playfair Display&quot;;\">Certifica\u00e7\u00e3o<\/em> <em style=\"font-family: &quot;Playfair Display&quot;;\">Internacional<\/em> (California Air Resources Board)<\/h4>\n                  <\/div>\n                <\/div>\n                <div data-colibri-id=\"131-c7\" class=\"h-text h-text-component style-369 style-local-131-c7 position-relative h-element\">\n                  <!---->\n                  <!---->\n                  <div class=\"\">\n                    <p>Exigida para exporta\u00e7\u00e3o e disponibilizada apenas para quem atende aos padr\u00f5es de sustentabilidade no processo produtivo do compensado.<\/p>\n                    <p>\n                      <br>\n                    <\/p>\n                    <p>\n                      <br>\n                    <\/p>\n                    <p>\n                      <br>\n                    <\/p>\n                    <p>\n                      <br>\n                    <\/p>\n                    <p>\n                      <br>\n                    <\/p>\n                    <p>\n                      <br>\n                    <\/p>\n                    <p>.<\/p>\n                  <\/div>\n                <\/div>\n              <\/div>\n            <\/div>\n          <\/div>\n          <div class=\"h-column h-column-container d-flex h-col-lg-auto h-col-md-auto h-col-auto style-370-outer style-local-131-c8-outer\">\n            <div data-colibri-id=\"131-c8\" class=\"d-flex h-flex-basis h-column__inner h-ui-empty-state-container h-px-lg-2 h-px-md-2 h-px-2 v-inner-lg-2 v-inner-md-2 v-inner-2 style-370 style-local-131-c8 position-relative\">\n              <!---->\n              <!---->\n              <div class=\"w-100 h-y-container h-column__content h-column__v-align flex-basis-100\">\n                <!---->\n              <\/div>\n            <\/div>\n          <\/div>\n        <\/div>\n      <\/div>\n    <\/div>\n  <\/div>\n<\/div>","protected":false},"excerpt":{"rendered":"<p>CERTIFICA\u00c7\u00c3OInternacional Possu\u00edmos Certifica\u00e7\u00e3o Internacional (California Air Resources Board) Exigida para exporta\u00e7\u00e3o e disponibilizada apenas para quem atende aos padr\u00f5es de sustentabilidade no processo produtivo do compensado. .<\/p>\n","protected":false},"author":2,"featured_media":0,"parent":0,"menu_order":0,"comment_status":"closed","ping_status":"closed","template":"page-templates\/full-width-page.php","meta":{"om_disable_all_campaigns":false,"_monsterinsights_skip_tracking":false,"_monsterinsights_sitenote_active":false,"_monsterinsights_sitenote_note":"","_monsterinsights_sitenote_category":0},"yoast_head":"<!-- This site is optimized with the Yoast SEO plugin v18.0 - https:\/\/yoast.com\/wordpress\/plugins\/seo\/ -->\n<title>Certifica\u00e7\u00e3o - Agil Compensados<\/title>\n<meta name=\"robots\" content=\"index, follow, max-snippet:-1, max-image-preview:large, max-video-preview:-1\" \/>\n<link rel=\"canonical\" href=\"https:\/\/agilcompensados.com.br\/site\/certificacao-2\/\" \/>\n<meta property=\"og:locale\" content=\"pt_BR\" \/>\n<meta property=\"og:type\" content=\"article\" \/>\n<meta property=\"og:title\" content=\"Certifica\u00e7\u00e3o - Agil Compensados\" \/>\n<meta property=\"og:description\" content=\"CERTIFICA\u00c7\u00c3OInternacional Possu\u00edmos Certifica\u00e7\u00e3o Internacional (California Air Resources Board) Exigida para exporta\u00e7\u00e3o e disponibilizada apenas para quem atende aos padr\u00f5es de sustentabilidade no processo produtivo do compensado. .\" \/>\n<meta property=\"og:url\" content=\"https:\/\/agilcompensados.com.br\/site\/certificacao-2\/\" \/>\n<meta property=\"og:site_name\" content=\"Agil Compensados\" \/>\n<meta property=\"article:modified_time\" content=\"2022-02-21T13:18:59+00:00\" \/>\n<meta name=\"twitter:card\" content=\"summary_large_image\" \/>\n<script type=\"application\/ld+json\" class=\"yoast-schema-graph\">{\"@context\":\"https:\/\/schema.org\",\"@graph\":[{\"@type\":\"WebSite\",\"@id\":\"https:\/\/agilcompensados.com.br\/site\/#website\",\"url\":\"https:\/\/agilcompensados.com.br\/site\/\",\"name\":\"Agil Compensados\",\"description\":\"S\u00f3 mais um site WordPress\",\"potentialAction\":[{\"@type\":\"SearchAction\",\"target\":{\"@type\":\"EntryPoint\",\"urlTemplate\":\"https:\/\/agilcompensados.com.br\/site\/?s={search_term_string}\"},\"query-input\":\"required name=search_term_string\"}],\"inLanguage\":\"pt-BR\"},{\"@type\":\"WebPage\",\"@id\":\"https:\/\/agilcompensados.com.br\/site\/certificacao-2\/#webpage\",\"url\":\"https:\/\/agilcompensados.com.br\/site\/certificacao-2\/\",\"name\":\"Certifica\u00e7\u00e3o - Agil Compensados\",\"isPartOf\":{\"@id\":\"https:\/\/agilcompensados.com.br\/site\/#website\"},\"datePublished\":\"2021-12-14T18:09:51+00:00\",\"dateModified\":\"2022-02-21T13:18:59+00:00\",\"breadcrumb\":{\"@id\":\"https:\/\/agilcompensados.com.br\/site\/certificacao-2\/#breadcrumb\"},\"inLanguage\":\"pt-BR\",\"potentialAction\":[{\"@type\":\"ReadAction\",\"target\":[\"https:\/\/agilcompensados.com.br\/site\/certificacao-2\/\"]}]},{\"@type\":\"BreadcrumbList\",\"@id\":\"https:\/\/agilcompensados.com.br\/site\/certificacao-2\/#breadcrumb\",\"itemListElement\":[{\"@type\":\"ListItem\",\"position\":1,\"name\":\"Home\",\"item\":\"https:\/\/agilcompensados.com.br\/site\/\"},{\"@type\":\"ListItem\",\"position\":2,\"name\":\"Certifica\u00e7\u00e3o\"}]}]}<\/script>\n<!-- \/ Yoast SEO plugin. -->","yoast_head_json":{"title":"Certifica\u00e7\u00e3o - Agil Compensados","robots":{"index":"index","follow":"follow","max-snippet":"max-snippet:-1","max-image-preview":"max-image-preview:large","max-video-preview":"max-video-preview:-1"},"canonical":"https:\/\/agilcompensados.com.br\/site\/certificacao-2\/","og_locale":"pt_BR","og_type":"article","og_title":"Certifica\u00e7\u00e3o - Agil Compensados","og_description":"CERTIFICA\u00c7\u00c3OInternacional Possu\u00edmos Certifica\u00e7\u00e3o Internacional (California Air Resources Board) Exigida para exporta\u00e7\u00e3o e disponibilizada apenas para quem atende aos padr\u00f5es de sustentabilidade no processo produtivo do compensado. .","og_url":"https:\/\/agilcompensados.com.br\/site\/certificacao-2\/","og_site_name":"Agil Compensados","article_modified_time":"2022-02-21T13:18:59+00:00","twitter_card":"summary_large_image","schema":{"@context":"https:\/\/schema.org","@graph":[{"@type":"WebSite","@id":"https:\/\/agilcompensados.com.br\/site\/#website","url":"https:\/\/agilcompensados.com.br\/site\/","name":"Agil Compensados","description":"S\u00f3 mais um site WordPress","potentialAction":[{"@type":"SearchAction","target":{"@type":"EntryPoint","urlTemplate":"https:\/\/agilcompensados.com.br\/site\/?s={search_term_string}"},"query-input":"required name=search_term_string"}],"inLanguage":"pt-BR"},{"@type":"WebPage","@id":"https:\/\/agilcompensados.com.br\/site\/certificacao-2\/#webpage","url":"https:\/\/agilcompensados.com.br\/site\/certificacao-2\/","name":"Certifica\u00e7\u00e3o - Agil Compensados","isPartOf":{"@id":"https:\/\/agilcompensados.com.br\/site\/#website"},"datePublished":"2021-12-14T18:09:51+00:00","dateModified":"2022-02-21T13:18:59+00:00","breadcrumb":{"@id":"https:\/\/agilcompensados.com.br\/site\/certificacao-2\/#breadcrumb"},"inLanguage":"pt-BR","potentialAction":[{"@type":"ReadAction","target":["https:\/\/agilcompensados.com.br\/site\/certificacao-2\/"]}]},{"@type":"BreadcrumbList","@id":"https:\/\/agilcompensados.com.br\/site\/certificacao-2\/#breadcrumb","itemListElement":[{"@type":"ListItem","position":1,"name":"Home","item":"https:\/\/agilcompensados.com.br\/site\/"},{"@type":"ListItem","position":2,"name":"Certifica\u00e7\u00e3o"}]}]}},"_links":{"self":[{"href":"https:\/\/agilcompensados.com.br\/site\/wp-json\/wp\/v2\/pages\/131"}],"collection":[{"href":"https:\/\/agilcompensados.com.br\/site\/wp-json\/wp\/v2\/pages"}],"about":[{"href":"https:\/\/agilcompensados.com.br\/site\/wp-json\/wp\/v2\/types\/page"}],"author":[{"embeddable":true,"href":"https:\/\/agilcompensados.com.br\/site\/wp-json\/wp\/v2\/users\/2"}],"replies":[{"embeddable":true,"href":"https:\/\/agilcompensados.com.br\/site\/wp-json\/wp\/v2\/comments?post=131"}],"version-history":[{"count":7,"href":"https:\/\/agilcompensados.com.br\/site\/wp-json\/wp\/v2\/pages\/131\/revisions"}],"predecessor-version":[{"id":455,"href":"https:\/\/agilcompensados.com.br\/site\/wp-json\/wp\/v2\/pages\/131\/revisions\/455"}],"wp:attachment":[{"href":"https:\/\/agilcompensados.com.br\/site\/wp-json\/wp\/v2\/media?parent=131"}],"curies":[{"name":"wp","href":"https:\/\/api.w.org\/{rel}","templated":true}]}}