{"id":279,"date":"2021-12-17T17:46:10","date_gmt":"2021-12-17T20:46:10","guid":{"rendered":"https:\/\/agilcompensados.com.br\/site\/?page_id=279"},"modified":"2021-12-20T10:21:11","modified_gmt":"2021-12-20T13:21:11","slug":"midias","status":"publish","type":"page","link":"https:\/\/agilcompensados.com.br\/site\/midias\/","title":{"rendered":"M\u00eddias"},"content":{"rendered":"<div data-colibri-id=\"279-c1\" class=\"style-501 style-local-279-c1 position-relative\">\n  <!---->\n  <div data-colibri-component=\"section\" data-colibri-id=\"279-c2\" id=\"about\" class=\"h-section h-section-global-spacing d-flex align-items-lg-center align-items-md-center align-items-center style-502 style-local-279-c2 position-relative\">\n    <!---->\n    <!---->\n    <div class=\"h-section-grid-container h-section-boxed-container\">\n      <!---->\n      <div data-colibri-id=\"279-c3\" class=\"h-row-container gutters-row-lg-0 gutters-row-md-0 gutters-row-0 gutters-row-v-lg-0 gutters-row-v-md-0 gutters-row-v-0 style-503 style-local-279-c3 position-relative\">\n        <!---->\n        <div class=\"h-row justify-content-lg-center justify-content-md-center justify-content-center align-items-lg-stretch align-items-md-stretch align-items-stretch gutters-col-lg-0 gutters-col-md-0 gutters-col-0 gutters-col-v-lg-0 gutters-col-v-md-0 gutters-col-v-0\">\n          <!---->\n          <div class=\"h-column h-column-container d-flex h-col-lg-auto h-col-md-auto h-col-auto style-504-outer style-local-279-c4-outer\">\n            <div data-colibri-id=\"279-c4\" class=\"d-flex h-flex-basis h-column__inner h-ui-empty-state-container h-px-lg-0 h-px-md-0 h-px-0 v-inner-lg-0 v-inner-md-0 v-inner-0 style-504 style-local-279-c4 position-relative\">\n              <!---->\n              <!---->\n              <div class=\"w-100 h-y-container h-column__content h-column__v-align flex-basis-100\">\n                <!---->\n              <\/div>\n            <\/div>\n          <\/div>\n          <div class=\"h-column h-column-container d-flex h-col-lg-auto h-col-md-auto h-col-auto style-505-outer style-local-279-c5-outer\">\n            <div data-colibri-id=\"279-c5\" class=\"d-flex h-flex-basis h-column__inner h-px-lg-2 h-px-md-2 h-px-2 v-inner-lg-2 v-inner-md-2 v-inner-2 style-505 style-local-279-c5 position-relative\">\n              <!---->\n              <!---->\n              <div class=\"w-100 h-y-container h-column__content h-column__v-align flex-basis-100 align-self-lg-start align-self-md-start align-self-start\">\n                <!---->\n                <div data-colibri-id=\"279-c7\" class=\"h-global-transition-all h-heading style-507 style-local-279-c7 position-relative h-element\">\n                  <!---->\n                  <div class=\"h-heading__outer style-507 style-local-279-c7\">\n                    <!---->\n                    <!---->\n                    <h3 class=\"\">An\u00fancio&nbsp;<em style=\"font-family: &quot;Playfair Display&quot;;\">publicit\u00e1rio<\/em>&nbsp;<\/h3>\n                  <\/div>\n                <\/div>\n                <div data-colibri-id=\"279-c8\" class=\"h-text h-text-component style-508 style-local-279-c8 position-relative h-element\">\n                  <!---->\n                  <!---->\n                  <div class=\"\">\n                    <p>An\u00fancio vinculado a REVISTA REFER\u00caNCIA INDUSTRIAL DA MADEIRA, edi\u00e7\u00e3o 236 | Dezembro\/2021<\/p>\n                    <p>\n                      <br>\n                    <\/p>\n                    <p>\n                      <br>\n                    <\/p>\n                    <p>\n                      <br>\n                    <\/p>\n                    <p>\n                      <br>\n                    <\/p>\n                    <p>\n                      <br>\n                    <\/p>\n                    <p>\n                      <br>\n                    <\/p>\n                  <\/div>\n                <\/div>\n              <\/div>\n            <\/div>\n          <\/div>\n        <\/div>\n      <\/div>\n    <\/div>\n  <\/div>\n  <div data-colibri-component=\"section\" data-colibri-id=\"279-c12\" id=\"about-2\" class=\"h-section h-section-global-spacing d-flex align-items-lg-center align-items-md-center align-items-center style-512 style-local-279-c12 position-relative\">\n    <!---->\n    <!---->\n    <div class=\"h-section-grid-container h-section-boxed-container\">\n      <!---->\n      <div data-colibri-id=\"279-c13\" class=\"h-row-container gutters-row-lg-0 gutters-row-md-0 gutters-row-0 gutters-row-v-lg-0 gutters-row-v-md-0 gutters-row-v-0 style-513 style-local-279-c13 position-relative\">\n        <!---->\n        <div class=\"h-row justify-content-lg-center justify-content-md-center justify-content-center align-items-lg-stretch align-items-md-stretch align-items-stretch gutters-col-lg-0 gutters-col-md-0 gutters-col-0 gutters-col-v-lg-0 gutters-col-v-md-0 gutters-col-v-0\">\n          <!---->\n          <div class=\"h-column h-column-container d-flex h-col-lg-auto h-col-md-auto h-col-auto style-514-outer style-local-279-c14-outer\">\n            <div data-colibri-id=\"279-c14\" class=\"d-flex h-flex-basis h-column__inner h-px-lg-0 h-px-md-0 h-px-0 v-inner-lg-0 v-inner-md-0 v-inner-0 style-514 style-local-279-c14 position-relative\">\n              <!---->\n              <!---->\n              <div class=\"w-100 h-y-container h-column__content h-column__v-align flex-basis-100 align-self-lg-start align-self-md-start align-self-start\">\n                <!---->\n                <div data-colibri-id=\"279-c16\" class=\"h-global-transition-all h-heading style-516 style-local-279-c16 position-relative h-element\">\n                  <!---->\n                  <div class=\"h-heading__outer style-516 style-local-279-c16\">\n                    <!---->\n                    <!---->\n                    <h2 class=\"\">Mat\u00e9ria&nbsp;<em style=\"font-family: &quot;Playfair Display&quot;;\">jornal\u00edstica<\/em> <\/h2>\n                  <\/div>\n                <\/div>\n                <div data-colibri-id=\"279-c17\" class=\"h-text h-text-component style-517 style-local-279-c17 position-relative h-element\">\n                  <!---->\n                  <!---->\n                  <div class=\"\">\n                    <p>Mat\u00e9ria&nbsp;<span style=\"font-weight: 400; font-size: 16px; font-family: &quot;Open Sans&quot;; color: rgb(70, 112, 127);\">vinculado a REVISTA REFER\u00caNCIA INDUSTRIAL DA MADEIRA, edi\u00e7\u00e3o 236 | Dezembro\/2021, em parceria com a empresa INDUMEC, confira a mat\u00e9ria na integra abaixo:<\/span><\/p>\n                    <p>\n                      <br>\n                    <\/p>\n                    <p>\n                      <br>\n                    <\/p>\n                    <p>\n                      <br>\n                    <\/p>\n                  <\/div>\n                <\/div>\n              <\/div>\n            <\/div>\n          <\/div>\n          <div class=\"h-column h-column-container d-flex h-col-lg-auto h-col-md-auto h-col-auto style-518-outer style-local-279-c18-outer\">\n            <div data-colibri-id=\"279-c18\" class=\"d-flex h-flex-basis h-column__inner h-ui-empty-state-container h-px-lg-2 h-px-md-2 h-px-2 v-inner-lg-2 v-inner-md-2 v-inner-2 style-518 style-local-279-c18 position-relative\">\n              <!---->\n              <!---->\n              <div class=\"w-100 h-y-container h-column__content h-column__v-align flex-basis-100\">\n                <!---->\n              <\/div>\n            <\/div>\n          <\/div>\n        <\/div>\n      <\/div>\n      <div data-colibri-id=\"279-c22\" class=\"h-row-container gutters-row-lg-2 gutters-row-md-2 gutters-row-0 gutters-row-v-lg-2 gutters-row-v-md-2 gutters-row-v-2 style-522 style-local-279-c22 position-relative\">\n        <!---->\n        <div class=\"h-row justify-content-lg-center justify-content-md-center justify-content-center align-items-lg-stretch align-items-md-stretch align-items-stretch gutters-col-lg-2 gutters-col-md-2 gutters-col-0 gutters-col-v-lg-2 gutters-col-v-md-2 gutters-col-v-2\">\n          <!---->\n          <div class=\"h-column h-column-container d-flex h-col-lg-auto h-col-md-auto h-col-auto style-523-outer style-local-279-c23-outer\">\n            <div data-colibri-id=\"279-c23\" class=\"d-flex h-flex-basis h-column__inner h-px-lg-2 h-px-md-2 h-px-2 v-inner-lg-2 v-inner-md-2 v-inner-2 style-523 style-local-279-c23 position-relative\">\n              <!---->\n              <!---->\n              <div class=\"w-100 h-y-container h-column__content h-column__v-align flex-basis-100 align-self-lg-start align-self-md-start align-self-start\">\n                <!---->\n                <div data-colibri-id=\"279-c24\" class=\"h-global-transition-all h-heading style-524 style-local-279-c24 position-relative h-element\">\n                  <!---->\n                  <div class=\"h-heading__outer style-524 style-local-279-c24\">\n                    <!---->\n                    <!---->\n                    <h3 class=\"\">SECAGEM EM <span data-animation-duration=\"1\" data-type-animation=\"rotate-1\" data-colibri-component=\"fancy-title\"><span class=\"ah-headline rotate-1\"><span style=\"position: relative\" class=\"ah-words-wrapper\"><b class=\"is-visible\">ALTA<\/b><b><\/b><\/span><\/span>\n                      <\/span>\n                    <\/h3>\n                  <\/div>\n                <\/div>\n              <\/div>\n            <\/div>\n          <\/div>\n        <\/div>\n      <\/div>\n      <div data-colibri-id=\"279-c25\" class=\"h-row-container gutters-row-lg-2 gutters-row-md-2 gutters-row-0 gutters-row-v-lg-2 gutters-row-v-md-2 gutters-row-v-2 style-525 style-local-279-c25 position-relative\">\n        <!---->\n        <div class=\"h-row justify-content-lg-center justify-content-md-center justify-content-center align-items-lg-stretch align-items-md-stretch align-items-stretch gutters-col-lg-2 gutters-col-md-2 gutters-col-0 gutters-col-v-lg-2 gutters-col-v-md-2 gutters-col-v-2\">\n          <!---->\n          <div class=\"h-column h-column-container d-flex h-col-lg-auto h-col-md-auto h-col-auto style-526-outer style-local-279-c26-outer\">\n            <div data-colibri-id=\"279-c26\" class=\"d-flex h-flex-basis h-column__inner h-px-lg-2 h-px-md-2 h-px-2 v-inner-lg-2 v-inner-md-2 v-inner-2 style-526 style-local-279-c26 position-relative\">\n              <!---->\n              <!---->\n              <div class=\"w-100 h-y-container h-column__content h-column__v-align flex-basis-100 align-self-lg-start align-self-md-start align-self-start\">\n                <!---->\n                <div data-colibri-id=\"279-c27\" class=\"h-global-transition-all h-heading style-527 style-local-279-c27 position-relative h-element\">\n                  <!---->\n                  <div class=\"h-heading__outer style-527 style-local-279-c27\">\n                    <!---->\n                    <!---->\n                    <h5 class=\"\">MERCADO DE SECADORES DE L\u00c2MINAS EST\u00c1 AQUECIDO NO BRASIL E TEM PREVIS\u00c3O DE ALTA DEMANDA PARA 2022<\/h5>\n                  <\/div>\n                <\/div>\n              <\/div>\n            <\/div>\n          <\/div>\n        <\/div>\n      <\/div>\n      <div data-colibri-id=\"279-c19\" class=\"h-row-container gutters-row-lg-2 gutters-row-md-2 gutters-row-0 gutters-row-v-lg-2 gutters-row-v-md-2 gutters-row-v-2 style-519 style-local-279-c19 position-relative\">\n        <!---->\n        <div class=\"h-row justify-content-lg-center justify-content-md-center justify-content-center align-items-lg-stretch align-items-md-stretch align-items-stretch gutters-col-lg-2 gutters-col-md-2 gutters-col-0 gutters-col-v-lg-2 gutters-col-v-md-2 gutters-col-v-2\">\n          <!---->\n          <div class=\"h-column h-column-container d-flex h-col-lg-auto h-col-md-auto h-col-auto style-520-outer style-local-279-c20-outer\">\n            <div data-colibri-id=\"279-c20\" class=\"d-flex h-flex-basis h-column__inner h-px-lg-2 h-px-md-2 h-px-2 v-inner-lg-2 v-inner-md-2 v-inner-2 style-520 style-local-279-c20 position-relative\">\n              <!---->\n              <!---->\n              <div class=\"w-100 h-y-container h-column__content h-column__v-align flex-basis-100 align-self-lg-start align-self-md-start align-self-start\">\n                <!---->\n                <div data-colibri-id=\"279-c21\" class=\"h-text h-text-component style-521 style-local-279-c21 position-relative h-element\">\n                  <!---->\n                  <!---->\n                  <div class=\"\">\n                    <p>&nbsp; &nbsp; &nbsp; &nbsp; &nbsp; O mercado brasileiro de secadores para produ\u00e7\u00e3o de l\u00e2minas de madeira est\u00e1 crescendo e o setor projeta que pelo menos at\u00e9 2026 a tend\u00eancia \u00e9 que se mantenha a alta procura. Devido \u00e0 demanda e o aquecimento\n                      do mercado, a produ\u00e7\u00e3o de l\u00e2minas para compensado aumentou consideravelmente e os secadores de l\u00e2minas passam a ser um gargalo na linha de produ\u00e7\u00e3o. Eduardo Koller, engenheiro mec\u00e2nico e diretor da Indumec afirma: \u201cO equipamento\n                      reflete a necessidade crescente do mercado em aumentar produ\u00e7\u00e3o, qualidade do produto final e redu\u00e7\u00e3o de custo de produ\u00e7\u00e3o.\u201d<\/p>\n                    <p><span style=\"font-weight: 400; font-size: 16px; font-family: &quot;Open Sans&quot;; color: rgb(70, 112, 127);\">&nbsp;&nbsp;&nbsp;&nbsp;&nbsp;&nbsp;<\/span>O secador tem a fun\u00e7\u00e3o de retirar \u00e1gua dos materiais a fim de reduzir a umidade\n                      para determinados processos, funcionando para diversos materiais e tem beneficiado e otimizado cadeias produtivas de v\u00e1rias empresas. Para o setor de l\u00e2minas e compensados a fun\u00e7\u00e3o b\u00e1sica \u00e9 retirar essa umidade da madeira. \u201cA umidade\n                      \u00e9 retirada das l\u00e2minas de madeira para que possam ser posteriormente coladas em forma de um painel de compensado\u201d, reitera Eduardo.<\/p>\n                    <p><span style=\"font-weight: 400; font-size: 16px; font-family: &quot;Open Sans&quot;; color: rgb(70, 112, 127);\">&nbsp;&nbsp;&nbsp;&nbsp;&nbsp;&nbsp;<\/span>VANTAGENS DE USO<\/p>\n                    <p><span style=\"font-weight: 400; font-size: 16px; font-family: &quot;Open Sans&quot;; color: rgb(70, 112, 127);\">&nbsp;&nbsp;&nbsp;&nbsp;&nbsp;&nbsp;<\/span>O equipamento \u00e9 destaque no mercado industrial por otimizar processos. Eduardo\n                      Koller frisa algumas vantagens como: \u201credu\u00e7\u00e3o da m\u00e3o de obra, menor movimenta\u00e7\u00e3o manual das l\u00e2minas &#8211; que reduz as quebras e trincas, e consequentemente, a qualidade das l\u00e2minas, al\u00e9m do melhor controle do processo produtivo e previsibilidade\n                      de produ\u00e7\u00e3o.\u201d<\/p>\n                    <p><span style=\"font-weight: 400; font-size: 16px; font-family: &quot;Open Sans&quot;; color: rgb(70, 112, 127);\">&nbsp;&nbsp;&nbsp;&nbsp;&nbsp;&nbsp;<\/span>Dentre os principais benef\u00edcios do secador de l\u00e2minas est\u00e3o:<\/p>\n                    <p>\u2022 Possui vida \u00fatil longa e muita resist\u00eancia;<\/p>\n                    <p>\u2022 Design moderno e inovador;<\/p>\n                    <p>\u2022 Otimiza\u00e7\u00e3o do tempo nos processos de fabrica\u00e7\u00e3o;<\/p>\n                    <p>\u2022 Projeto conforme a necessidade do cliente;<\/p>\n                    <p>\u2022 Produto fabricado com alta tecnologia e modernidade.<\/p>\n                    <p><span style=\"font-weight: 400; font-size: 16px; font-family: &quot;Open Sans&quot;; color: rgb(70, 112, 127);\">&nbsp;&nbsp;&nbsp;&nbsp;&nbsp;&nbsp;<\/span>Os fabricantes de l\u00e2minas e compensados sabem que um dos processos mais importantes\n                      na hora de gerar um compensado de qualidade, \u00e9 justamente a secagem.<\/p>\n                    <p><span style=\"font-weight: 400; font-size: 16px; font-family: &quot;Open Sans&quot;; color: rgb(70, 112, 127);\">&nbsp;&nbsp;&nbsp;&nbsp;&nbsp;&nbsp;<\/span>O processo consiste em, atrav\u00e9s de um conjunto de rolos transportadores, as l\u00e2minas\n                      passarem por dentro do maquin\u00e1rio, enquanto jatos de ar quente s\u00e3o direcionados sobre as superf\u00edcies superior e inferior das l\u00e2minas promovendo a redu\u00e7\u00e3o da umidade. Para que esse processo ocorra de forma eficiente \u00e9 necess\u00e1rio um\n                      secador de qualidade, produtivo e robusto. \u201cO secador deve ser moderno. Nos secadores Indumec, por exemplo, temos ventiladores centr\u00edfugos, que impulsionam o ar atrav\u00e9s de radiadores, com tubos aletados el\u00edpticos, que aquecem o ar,\n                      que passa na sequ\u00eancia por um conjunto de funis direcionadores sobre a superf\u00edcie das l\u00e2minas\u201d, detalha Eduardo.<\/p>\n                    <p><span style=\"font-weight: 400; font-size: 16px; font-family: &quot;Open Sans&quot;; color: rgb(70, 112, 127);\">&nbsp;&nbsp;&nbsp;&nbsp;&nbsp;&nbsp;<\/span>A Indumec tem como uma das empresas parceiras a \u00c1gil Madeiras, empresa onde instalou\n                      um de seus secadores. \u201cO secador da Indumec trouxe um resultado bem significativo na qualidade dos nossos compensados. Antes, n\u00e3o consegu\u00edamos fazer a capa, principal produto dos compensados, depois que adquiri o secador consegui\n                      fazer a capa e fazer a secagem da mesma, agregando mais valor ao meu produto final\u201d, comemora Luciana Pegoraro Dal Bosco, fundadora da \u00c1gil Madeiras.<\/p>\n                    <p><span style=\"font-weight: 400; font-size: 16px; font-family: &quot;Open Sans&quot;; color: rgb(70, 112, 127);\">&nbsp;&nbsp;&nbsp;&nbsp;&nbsp;&nbsp;<\/span>A empresa sempre procurou atender as necessidades do cliente proporcionando o\n                      melhor do compensado, por isso resolveu investir na instala\u00e7\u00e3o de mais secadores para justamente atender a alta demanda. A que tudo indica o mercado vem de um hist\u00f3rico que j\u00e1 era positivo e ganhou for\u00e7a devido a tecnologia e inova\u00e7\u00f5es\n                      implementadas no equipamento, al\u00e9m de suprir a necessidade das demandas de demais empresas. \u201cPara 2022 vamos instalar mais um secador, fizemos amplia\u00e7\u00f5es j\u00e1 visando essa necessidade de mais uma implementa\u00e7\u00e3o\u201d, projeta Luciana.<\/p>\n                    <p>\n                      <br>\n                    <\/p>\n                    <p>\n                      <br>\n                    <\/p>\n                  <\/div>\n                <\/div>\n              <\/div>\n            <\/div>\n          <\/div>\n        <\/div>\n      <\/div>\n    <\/div>\n  <\/div>\n<\/div>","protected":false},"excerpt":{"rendered":"<p>An\u00fancio&nbsp;publicit\u00e1rio&nbsp; An\u00fancio vinculado a REVISTA REFER\u00caNCIA INDUSTRIAL DA MADEIRA, edi\u00e7\u00e3o 236 | Dezembro\/2021 Mat\u00e9ria&nbsp;jornal\u00edstica Mat\u00e9ria&nbsp;vinculado a REVISTA REFER\u00caNCIA INDUSTRIAL DA MADEIRA, edi\u00e7\u00e3o 236 | Dezembro\/2021, em parceria com a empresa INDUMEC, confira a mat\u00e9ria na integra abaixo: SECAGEM EM ALTA MERCADO DE SECADORES DE L\u00c2MINAS EST\u00c1 AQUECIDO NO BRASIL E TEM PREVIS\u00c3O DE ALTA DEMANDA [&hellip;]<\/p>\n","protected":false},"author":2,"featured_media":0,"parent":0,"menu_order":0,"comment_status":"closed","ping_status":"closed","template":"page-templates\/full-width-page.php","meta":{"om_disable_all_campaigns":false,"_monsterinsights_skip_tracking":false,"_monsterinsights_sitenote_active":false,"_monsterinsights_sitenote_note":"","_monsterinsights_sitenote_category":0},"yoast_head":"<!-- This site is optimized with the Yoast SEO plugin v18.0 - https:\/\/yoast.com\/wordpress\/plugins\/seo\/ -->\n<title>M\u00eddias - Agil Compensados<\/title>\n<meta name=\"robots\" content=\"index, follow, max-snippet:-1, max-image-preview:large, max-video-preview:-1\" \/>\n<link rel=\"canonical\" href=\"https:\/\/agilcompensados.com.br\/site\/midias\/\" \/>\n<meta property=\"og:locale\" content=\"pt_BR\" \/>\n<meta property=\"og:type\" content=\"article\" \/>\n<meta property=\"og:title\" content=\"M\u00eddias - Agil Compensados\" \/>\n<meta property=\"og:description\" content=\"An\u00fancio&nbsp;publicit\u00e1rio&nbsp; An\u00fancio vinculado a REVISTA REFER\u00caNCIA INDUSTRIAL DA MADEIRA, edi\u00e7\u00e3o 236 | Dezembro\/2021 Mat\u00e9ria&nbsp;jornal\u00edstica Mat\u00e9ria&nbsp;vinculado a REVISTA REFER\u00caNCIA INDUSTRIAL DA MADEIRA, edi\u00e7\u00e3o 236 | Dezembro\/2021, em parceria com a empresa INDUMEC, confira a mat\u00e9ria na integra abaixo: SECAGEM EM ALTA MERCADO DE SECADORES DE L\u00c2MINAS EST\u00c1 AQUECIDO NO BRASIL E TEM PREVIS\u00c3O DE ALTA DEMANDA [&hellip;]\" \/>\n<meta property=\"og:url\" content=\"https:\/\/agilcompensados.com.br\/site\/midias\/\" \/>\n<meta property=\"og:site_name\" content=\"Agil Compensados\" \/>\n<meta property=\"article:modified_time\" content=\"2021-12-20T13:21:11+00:00\" \/>\n<meta name=\"twitter:card\" content=\"summary_large_image\" \/>\n<script type=\"application\/ld+json\" class=\"yoast-schema-graph\">{\"@context\":\"https:\/\/schema.org\",\"@graph\":[{\"@type\":\"WebSite\",\"@id\":\"https:\/\/agilcompensados.com.br\/site\/#website\",\"url\":\"https:\/\/agilcompensados.com.br\/site\/\",\"name\":\"Agil Compensados\",\"description\":\"S\u00f3 mais um site WordPress\",\"potentialAction\":[{\"@type\":\"SearchAction\",\"target\":{\"@type\":\"EntryPoint\",\"urlTemplate\":\"https:\/\/agilcompensados.com.br\/site\/?s={search_term_string}\"},\"query-input\":\"required name=search_term_string\"}],\"inLanguage\":\"pt-BR\"},{\"@type\":\"WebPage\",\"@id\":\"https:\/\/agilcompensados.com.br\/site\/midias\/#webpage\",\"url\":\"https:\/\/agilcompensados.com.br\/site\/midias\/\",\"name\":\"M\u00eddias - Agil Compensados\",\"isPartOf\":{\"@id\":\"https:\/\/agilcompensados.com.br\/site\/#website\"},\"datePublished\":\"2021-12-17T20:46:10+00:00\",\"dateModified\":\"2021-12-20T13:21:11+00:00\",\"breadcrumb\":{\"@id\":\"https:\/\/agilcompensados.com.br\/site\/midias\/#breadcrumb\"},\"inLanguage\":\"pt-BR\",\"potentialAction\":[{\"@type\":\"ReadAction\",\"target\":[\"https:\/\/agilcompensados.com.br\/site\/midias\/\"]}]},{\"@type\":\"BreadcrumbList\",\"@id\":\"https:\/\/agilcompensados.com.br\/site\/midias\/#breadcrumb\",\"itemListElement\":[{\"@type\":\"ListItem\",\"position\":1,\"name\":\"Home\",\"item\":\"https:\/\/agilcompensados.com.br\/site\/\"},{\"@type\":\"ListItem\",\"position\":2,\"name\":\"M\u00eddias\"}]}]}<\/script>\n<!-- \/ Yoast SEO plugin. -->","yoast_head_json":{"title":"M\u00eddias - Agil Compensados","robots":{"index":"index","follow":"follow","max-snippet":"max-snippet:-1","max-image-preview":"max-image-preview:large","max-video-preview":"max-video-preview:-1"},"canonical":"https:\/\/agilcompensados.com.br\/site\/midias\/","og_locale":"pt_BR","og_type":"article","og_title":"M\u00eddias - Agil Compensados","og_description":"An\u00fancio&nbsp;publicit\u00e1rio&nbsp; An\u00fancio vinculado a REVISTA REFER\u00caNCIA INDUSTRIAL DA MADEIRA, edi\u00e7\u00e3o 236 | Dezembro\/2021 Mat\u00e9ria&nbsp;jornal\u00edstica Mat\u00e9ria&nbsp;vinculado a REVISTA REFER\u00caNCIA INDUSTRIAL DA MADEIRA, edi\u00e7\u00e3o 236 | Dezembro\/2021, em parceria com a empresa INDUMEC, confira a mat\u00e9ria na integra abaixo: SECAGEM EM ALTA MERCADO DE SECADORES DE L\u00c2MINAS EST\u00c1 AQUECIDO NO BRASIL E TEM PREVIS\u00c3O DE ALTA DEMANDA [&hellip;]","og_url":"https:\/\/agilcompensados.com.br\/site\/midias\/","og_site_name":"Agil Compensados","article_modified_time":"2021-12-20T13:21:11+00:00","twitter_card":"summary_large_image","schema":{"@context":"https:\/\/schema.org","@graph":[{"@type":"WebSite","@id":"https:\/\/agilcompensados.com.br\/site\/#website","url":"https:\/\/agilcompensados.com.br\/site\/","name":"Agil Compensados","description":"S\u00f3 mais um site WordPress","potentialAction":[{"@type":"SearchAction","target":{"@type":"EntryPoint","urlTemplate":"https:\/\/agilcompensados.com.br\/site\/?s={search_term_string}"},"query-input":"required name=search_term_string"}],"inLanguage":"pt-BR"},{"@type":"WebPage","@id":"https:\/\/agilcompensados.com.br\/site\/midias\/#webpage","url":"https:\/\/agilcompensados.com.br\/site\/midias\/","name":"M\u00eddias - Agil Compensados","isPartOf":{"@id":"https:\/\/agilcompensados.com.br\/site\/#website"},"datePublished":"2021-12-17T20:46:10+00:00","dateModified":"2021-12-20T13:21:11+00:00","breadcrumb":{"@id":"https:\/\/agilcompensados.com.br\/site\/midias\/#breadcrumb"},"inLanguage":"pt-BR","potentialAction":[{"@type":"ReadAction","target":["https:\/\/agilcompensados.com.br\/site\/midias\/"]}]},{"@type":"BreadcrumbList","@id":"https:\/\/agilcompensados.com.br\/site\/midias\/#breadcrumb","itemListElement":[{"@type":"ListItem","position":1,"name":"Home","item":"https:\/\/agilcompensados.com.br\/site\/"},{"@type":"ListItem","position":2,"name":"M\u00eddias"}]}]}},"_links":{"self":[{"href":"https:\/\/agilcompensados.com.br\/site\/wp-json\/wp\/v2\/pages\/279"}],"collection":[{"href":"https:\/\/agilcompensados.com.br\/site\/wp-json\/wp\/v2\/pages"}],"about":[{"href":"https:\/\/agilcompensados.com.br\/site\/wp-json\/wp\/v2\/types\/page"}],"author":[{"embeddable":true,"href":"https:\/\/agilcompensados.com.br\/site\/wp-json\/wp\/v2\/users\/2"}],"replies":[{"embeddable":true,"href":"https:\/\/agilcompensados.com.br\/site\/wp-json\/wp\/v2\/comments?post=279"}],"version-history":[{"count":3,"href":"https:\/\/agilcompensados.com.br\/site\/wp-json\/wp\/v2\/pages\/279\/revisions"}],"predecessor-version":[{"id":298,"href":"https:\/\/agilcompensados.com.br\/site\/wp-json\/wp\/v2\/pages\/279\/revisions\/298"}],"wp:attachment":[{"href":"https:\/\/agilcompensados.com.br\/site\/wp-json\/wp\/v2\/media?parent=279"}],"curies":[{"name":"wp","href":"https:\/\/api.w.org\/{rel}","templated":true}]}}